{"id":139,"date":"2024-04-22T16:37:46","date_gmt":"2024-04-22T14:37:46","guid":{"rendered":"https:\/\/www.boomerang.bio\/achat_collaboratif\/?post_type=product&#038;p=139"},"modified":"2025-02-17T18:39:51","modified_gmt":"2025-02-17T17:39:51","slug":"huile-dolive-italie-vierge-extra-5-litres","status":"publish","type":"product","link":"https:\/\/www.boomerang.bio\/achat_collaboratif\/?product=huile-dolive-italie-vierge-extra-5-litres","title":{"rendered":"huile d&rsquo;olive Italie Vierge Extra 5 Litres"},"content":{"rendered":"<p>Cantine de 5L <\/p>\n<p>Huile d&rsquo;olive avec des olives noires r\u00e9colt\u00e9es \u00e0 pleine maturit\u00e9.<\/p>\n","protected":false},"excerpt":{"rendered":"<p>Cantine de 5L Huile d&rsquo;olive avec des olives noires r\u00e9colt\u00e9es \u00e0 pleine maturit\u00e9.<\/p>\n","protected":false},"featured_media":141,"comment_status":"open","ping_status":"closed","template":"","meta":[],"product_brand":[],"product_cat":[22],"product_tag":[],"class_list":{"0":"post-139","1":"product","2":"type-product","3":"status-publish","4":"has-post-thumbnail","6":"product_cat-huile-dolive","8":"first","9":"instock","10":"taxable","11":"shipping-taxable","12":"purchasable","13":"product-type-simple"},"jetpack_sharing_enabled":true,"_links":{"self":[{"href":"https:\/\/www.boomerang.bio\/achat_collaboratif\/index.php?rest_route=\/wp\/v2\/product\/139","targetHints":{"allow":["GET"]}}],"collection":[{"href":"https:\/\/www.boomerang.bio\/achat_collaboratif\/index.php?rest_route=\/wp\/v2\/product"}],"about":[{"href":"https:\/\/www.boomerang.bio\/achat_collaboratif\/index.php?rest_route=\/wp\/v2\/types\/product"}],"replies":[{"embeddable":true,"href":"https:\/\/www.boomerang.bio\/achat_collaboratif\/index.php?rest_route=%2Fwp%2Fv2%2Fcomments&post=139"}],"wp:featuredmedia":[{"embeddable":true,"href":"https:\/\/www.boomerang.bio\/achat_collaboratif\/index.php?rest_route=\/wp\/v2\/media\/141"}],"wp:attachment":[{"href":"https:\/\/www.boomerang.bio\/achat_collaboratif\/index.php?rest_route=%2Fwp%2Fv2%2Fmedia&parent=139"}],"wp:term":[{"taxonomy":"product_brand","embeddable":true,"href":"https:\/\/www.boomerang.bio\/achat_collaboratif\/index.php?rest_route=%2Fwp%2Fv2%2Fproduct_brand&post=139"},{"taxonomy":"product_cat","embeddable":true,"href":"https:\/\/www.boomerang.bio\/achat_collaboratif\/index.php?rest_route=%2Fwp%2Fv2%2Fproduct_cat&post=139"},{"taxonomy":"product_tag","embeddable":true,"href":"https:\/\/www.boomerang.bio\/achat_collaboratif\/index.php?rest_route=%2Fwp%2Fv2%2Fproduct_tag&post=139"}],"curies":[{"name":"wp","href":"https:\/\/api.w.org\/{rel}","templated":true}]}}