{"id":113,"date":"2023-11-08T22:56:00","date_gmt":"2023-11-08T21:56:00","guid":{"rendered":"https:\/\/www.boomerang.bio\/achat_collaboratif\/?page_id=113"},"modified":"2024-04-22T16:55:54","modified_gmt":"2024-04-22T14:55:54","slug":"vos-donnees-personnelles","status":"publish","type":"page","link":"https:\/\/www.boomerang.bio\/achat_collaboratif\/?page_id=113","title":{"rendered":"Vos donn\u00e9es personnelles"},"content":{"rendered":"\n<p>Vrac Lab Sarl &#8211; \u00c9picerie Boomerang &#8211; s\u2019engage \u00e0 assurer la protection des donn\u00e9es  personnelles que vous nous communiquez lors de l\u2019utilisation du site. Le  pr\u00e9sent document est destin\u00e9 \u00e0 vous informer en toute transparence de  l\u2019utilisation de vos Donn\u00e9es dans la respect du R\u00e8glement G\u00e9n\u00e9ral pour la Protection des Donn\u00e9es (ci-apr\u00e8s d\u00e9nomm\u00e9 RGPD).<\/p>\n\n\n\n<h2 class=\"wp-block-heading\">Vos Donn\u00e9es personnelles<\/h2>\n\n\n\n<ol class=\"wp-block-list\">\n<li> Vos donn\u00e9es ne sont ni vendues ni transf\u00e9r\u00e9es ne transf\u00e9rons ni ne vendons vos donn\u00e9es \u00e0 aucun tiers en dehors de l&rsquo;\u00e9x\u00e9cution du traitement de votre commande. Elles sont conserv\u00e9es selon le temps exig\u00e9 par les autorit\u00e9s fiscales. <\/li>\n\n\n\n<li>Afin de traiter votre commande, nous conservons  nom,  adresse courriel, adresse postale et num\u00e9ro de t\u00e9l\u00e9phone.  <\/li>\n\n\n\n<li>Afin de vous livrer votre commande,  votre nom,  adresse courriel, adresse postale et num\u00e9ro de t\u00e9l\u00e9phone sont  transmis aux prestataires de livraisons, qui prend en charge  le  transport \u00e0 l&rsquo;adresse que vous avez fourni. Les transporteurs respecte le RGPD.<\/li>\n\n\n\n<li> Nous n&rsquo;avons pas acc\u00e8s \u00e0 vos donn\u00e9es relatives au moyen paiement. Celui-ci est g\u00e9r\u00e9 par Stripe fournisseur de paiement en ligne.<\/li>\n\n\n\n<li>Vous pouvez demander de recevoir copie de vos donn\u00e9es personnelles et les modifier selon vos souhaits dans le cadre du RGPD  selon vos souhaits. Pour cela,  envoyez un mail \u00e0 thomas@boomerang.bio, ou un courrier \u00e0  VRAC LAB &#8211; 7 avenue michel chevalier 06130 Grasse, France.<\/li>\n<\/ol>\n\n\n\n<div class=\"wp-block-button aligncenter\"><a class=\"wp-block-button__link has-background wp-element-button\" href=\" https:\/\/www.boomerang.bio\/achat_collaboratif\/?page_id=95(ouvre un nouvel onglet)\" style=\"background-color:#0071a1\">Consulter notre politique de confidentialit\u00e9 d\u00e9taill\u00e9e<\/a><\/div>\n","protected":false},"excerpt":{"rendered":"<p>Vrac Lab Sarl &#8211; \u00c9picerie Boomerang &#8211; s\u2019engage \u00e0 assurer la protection des donn\u00e9es personnelles que vous nous communiquez lors de l\u2019utilisation du site. Le pr\u00e9sent document est destin\u00e9 \u00e0 vous informer en toute transparence de l\u2019utilisation de vos Donn\u00e9es dans la respect du R\u00e8glement G\u00e9n\u00e9ral pour la Protection des Donn\u00e9es (ci-apr\u00e8s d\u00e9nomm\u00e9 RGPD). Vos [&hellip;]<\/p>\n","protected":false},"author":1,"featured_media":0,"parent":0,"menu_order":0,"comment_status":"closed","ping_status":"closed","template":"","meta":{"footnotes":""},"class_list":["post-113","page","type-page","status-publish","hentry"],"jetpack_sharing_enabled":true,"_links":{"self":[{"href":"https:\/\/www.boomerang.bio\/achat_collaboratif\/index.php?rest_route=\/wp\/v2\/pages\/113","targetHints":{"allow":["GET"]}}],"collection":[{"href":"https:\/\/www.boomerang.bio\/achat_collaboratif\/index.php?rest_route=\/wp\/v2\/pages"}],"about":[{"href":"https:\/\/www.boomerang.bio\/achat_collaboratif\/index.php?rest_route=\/wp\/v2\/types\/page"}],"author":[{"embeddable":true,"href":"https:\/\/www.boomerang.bio\/achat_collaboratif\/index.php?rest_route=\/wp\/v2\/users\/1"}],"replies":[{"embeddable":true,"href":"https:\/\/www.boomerang.bio\/achat_collaboratif\/index.php?rest_route=%2Fwp%2Fv2%2Fcomments&post=113"}],"version-history":[{"count":5,"href":"https:\/\/www.boomerang.bio\/achat_collaboratif\/index.php?rest_route=\/wp\/v2\/pages\/113\/revisions"}],"predecessor-version":[{"id":143,"href":"https:\/\/www.boomerang.bio\/achat_collaboratif\/index.php?rest_route=\/wp\/v2\/pages\/113\/revisions\/143"}],"wp:attachment":[{"href":"https:\/\/www.boomerang.bio\/achat_collaboratif\/index.php?rest_route=%2Fwp%2Fv2%2Fmedia&parent=113"}],"curies":[{"name":"wp","href":"https:\/\/api.w.org\/{rel}","templated":true}]}}